{"id":17884,"date":"2025-06-22T21:35:10","date_gmt":"2025-06-22T19:35:10","guid":{"rendered":"https:\/\/solenaapartman.hu\/solena-apartman-hazirend\/"},"modified":"2025-06-23T18:31:54","modified_gmt":"2025-06-23T16:31:54","slug":"solena-apartman-hazirend","status":"publish","type":"page","link":"https:\/\/solenaapartman.hu\/de\/solena-apartman-hazirend\/","title":{"rendered":"\ud83c\udfe1 Hausordnung"},"content":{"rendered":"\n<p><strong>Liebe G\u00e4ste,<\/strong><\/p>\n\n\n\n<p>Vielen Dank, dass Sie sich f\u00fcr uns entschieden haben!<br>Diese Hausordnung dient dazu, allen G\u00e4sten eine ruhige, saubere und sichere Unterkunft zu gew\u00e4hrleisten. Bitte lesen Sie sie aufmerksam durch und halten Sie sich an die Regeln.<\/p>\n\n\n\n<hr class=\"wp-block-separator has-alpha-channel-opacity\"\/>\n\n\n\n<p>\ud83d\udd53 <strong>An- und Abreise<\/strong><\/p>\n\n\n\n<ul class=\"wp-block-list\">\n<li><strong>Check-in:<\/strong> ab 14:00 Uhr<\/li>\n\n\n\n<li><strong>Check-out:<\/strong> bis 10:00 Uhr<br>Sp\u00e4tere An- oder Abreise ist nach vorheriger Absprache m\u00f6glich.<\/li>\n<\/ul>\n\n\n\n<hr class=\"wp-block-separator has-alpha-channel-opacity\"\/>\n\n\n\n<p>\ud83d\udc64 <strong>G\u00e4steregistrierung<\/strong><\/p>\n\n\n\n<ul class=\"wp-block-list\">\n<li>Die Unterkunft darf nur von angemeldeten G\u00e4sten genutzt werden.<\/li>\n\n\n\n<li>Beim Check-in ist ein g\u00fcltiger Personalausweis oder Reisepass vorzulegen.<\/li>\n\n\n\n<li>Personen unter 18 Jahren d\u00fcrfen nur in Begleitung eines Erwachsenen \u00fcbernachten.<\/li>\n<\/ul>\n\n\n\n<hr class=\"wp-block-separator has-alpha-channel-opacity\"\/>\n\n\n\n<p>\ud83d\udecf\ufe0f <strong>Nutzung der Apartments<\/strong><\/p>\n\n\n\n<ul class=\"wp-block-list\">\n<li>Alle Apartments sind klimatisiert und verf\u00fcgen \u00fcber eine eigene K\u00fcche sowie ein Badezimmer.<\/li>\n\n\n\n<li>Bitte verwenden Sie M\u00f6bel und Ausstattung sachgem\u00e4\u00df.<\/li>\n\n\n\n<li>Achten Sie auf Sauberkeit \u2013 auch die n\u00e4chsten G\u00e4ste m\u00f6chten sich wohlf\u00fchlen.<\/li>\n\n\n\n<li>Es ist verboten, W\u00e4nde, M\u00f6bel oder Textilien zu besch\u00e4digen oder zu verschmutzen.<\/li>\n\n\n\n<li><strong>Das Rauchen ist in den Apartments nicht gestattet.<\/strong> Rauchen ist nur in den ausgewiesenen Au\u00dfenbereichen erlaubt.<\/li>\n<\/ul>\n\n\n\n<hr class=\"wp-block-separator has-alpha-channel-opacity\"\/>\n\n\n\n<p>\ud83d\udead <strong>Rauchen<\/strong><\/p>\n\n\n\n<ul class=\"wp-block-list\">\n<li>Rauchen ist in geschlossenen R\u00e4umen nicht erlaubt.<\/li>\n\n\n\n<li>Nur in den daf\u00fcr vorgesehenen Au\u00dfenbereichen gestattet.<\/li>\n\n\n\n<li>Bitte entsorgen Sie Zigarettenstummel in die Aschenbecher und nicht im Garten.<\/li>\n<\/ul>\n\n\n\n<hr class=\"wp-block-separator has-alpha-channel-opacity\"\/>\n\n\n\n<p>\ud83d\udd07 <strong>Ruhezeiten<\/strong><\/p>\n\n\n\n<ul class=\"wp-block-list\">\n<li>Bitte respektieren Sie die Ruhe der anderen G\u00e4ste und Nachbarn.<\/li>\n\n\n\n<li><strong>Ruhezeiten:<\/strong> 22:00 \u2013 08:00 Uhr<\/li>\n\n\n\n<li>L\u00e4rm, laute Musik oder Partys sind in der Unterkunft nicht gestattet.<\/li>\n<\/ul>\n\n\n\n<hr class=\"wp-block-separator has-alpha-channel-opacity\"\/>\n\n\n\n<p>\ud83e\uddfc <strong>Sauberkeit und Reinigung<\/strong><\/p>\n\n\n\n<ul class=\"wp-block-list\">\n<li>Die Apartments werden sauber \u00fcbergeben, die Grundreinigung ist im Preis inbegriffen.<\/li>\n\n\n\n<li>Bei l\u00e4ngeren Aufenthalten kann auf Wunsch eine w\u00f6chentliche Grundreinigung erfolgen.<\/li>\n\n\n\n<li>Das Abwaschen, M\u00fcllentsorgen und Aufrechterhalten der Ordnung liegt in der Verantwortung der G\u00e4ste.<\/li>\n\n\n\n<li>M\u00fcll bitte in die Sammeltonnen im Hof entsorgen.<\/li>\n<\/ul>\n\n\n\n<hr class=\"wp-block-separator has-alpha-channel-opacity\"\/>\n\n\n\n<p>\ud83d\udc3e <strong>Haustiere<\/strong><\/p>\n\n\n\n<ul class=\"wp-block-list\">\n<li>Haustiere sind <strong>gegen Aufpreis<\/strong> willkommen.<\/li>\n<\/ul>\n\n\n\n<hr class=\"wp-block-separator has-alpha-channel-opacity\"\/>\n\n\n\n<p>\ud83d\udd12 <strong>Sicherheit<\/strong><\/p>\n\n\n\n<ul class=\"wp-block-list\">\n<li>Bitte schlie\u00dfen Sie beim Verlassen des Apartments immer T\u00fcren und Fenster.<\/li>\n\n\n\n<li>F\u00fcr Wertsachen \u00fcbernehmen wir keine Haftung.<\/li>\n\n\n\n<li>Im Brandfall nutzen Sie bitte den Feuerl\u00f6scher und informieren Sie sofort die Rezeption \/ den Eigent\u00fcmer.<\/li>\n<\/ul>\n\n\n\n<hr class=\"wp-block-separator has-alpha-channel-opacity\"\/>\n\n\n\n<p>\ud83d\ude97 <strong>Parken<\/strong><\/p>\n\n\n\n<ul class=\"wp-block-list\">\n<li>Kostenlose Parkpl\u00e4tze stehen im Hof oder auf der Stra\u00dfe zur Verf\u00fcgung.<\/li>\n\n\n\n<li>F\u00fcr Gegenst\u00e4nde, die im Fahrzeug verbleiben, \u00fcbernehmen wir keine Verantwortung.<\/li>\n<\/ul>\n\n\n\n<hr class=\"wp-block-separator has-alpha-channel-opacity\"\/>\n\n\n\n<p>\ud83d\udcf6 <strong>WLAN und technische Ausstattung<\/strong><\/p>\n\n\n\n<ul class=\"wp-block-list\">\n<li>Kostenloses WLAN steht in allen Apartments zur Verf\u00fcgung. Das Passwort erhalten Sie bei der Ankunft.<\/li>\n\n\n\n<li>Bitte verwenden Sie technische Ger\u00e4te (TV, Klimaanlage, Herd) nur sachgem\u00e4\u00df.<\/li>\n\n\n\n<li>Bei Problemen informieren Sie uns bitte umgehend.<\/li>\n<\/ul>\n\n\n\n<hr class=\"wp-block-separator has-alpha-channel-opacity\"\/>\n\n\n\n<p>\ud83d\udcb3 <strong>Sch\u00e4den<\/strong><\/p>\n\n\n\n<ul class=\"wp-block-list\">\n<li>F\u00fcr absichtliche oder fahrl\u00e4ssige Sch\u00e4den haftet der Gast.<\/li>\n\n\n\n<li>Technische Probleme bitte sofort melden, damit wir sie beheben k\u00f6nnen.<\/li>\n<\/ul>\n\n\n\n<hr class=\"wp-block-separator has-alpha-channel-opacity\"\/>\n\n\n\n<p>\ud83d\udcde <strong>Kontakt<\/strong><\/p>\n\n\n\n<p>Bei Fragen, W\u00fcnschen oder Problemen kontaktieren Sie uns gerne:<\/p>\n\n\n\n<p>\ud83d\udcde +36 70 408 9770<br>\ud83d\udce7 <a>pekarzsofi@gmail.com<\/a><\/p>\n\n\n\n<hr class=\"wp-block-separator has-alpha-channel-opacity\"\/>\n\n\n\n<p>Vielen Dank f\u00fcr Ihre Kooperation und wir w\u00fcnschen Ihnen einen angenehmen Aufenthalt im Solena Apartment! \ud83d\ude0a<br>\u2013 <strong>Ihr Solena-Team<\/strong><\/p>\n","protected":false},"excerpt":{"rendered":"<p>Liebe G\u00e4ste, Vielen Dank, dass Sie sich f\u00fcr uns entschieden haben!Diese Hausordnung dient dazu, allen G\u00e4sten eine ruhige, saubere und<\/p>\n","protected":false},"author":1,"featured_media":17854,"parent":0,"menu_order":0,"comment_status":"closed","ping_status":"closed","template":"","meta":{"footnotes":""},"class_list":["post-17884","page","type-page","status-publish","has-post-thumbnail","hentry"],"yoast_head":"<!-- This site is optimized with the Yoast SEO Premium plugin v25.3.1 (Yoast SEO v25.3.1) - https:\/\/yoast.com\/wordpress\/plugins\/seo\/ -->\n<title>\ud83c\udfe1 Hausordnung | SOLENA Apartmanh\u00e1z Hajd\u00faszoboszl\u00f3<\/title>\n<meta name=\"description\" content=\"Liebe G\u00e4ste, Vielen Dank, dass Sie sich f\u00fcr uns entschieden haben!Diese Hausordnung dient dazu, allen G\u00e4sten eine ruhige, saubere und sichere Unterkunft\" \/>\n<meta name=\"robots\" content=\"index, follow, max-snippet:-1, max-image-preview:large, max-video-preview:-1\" \/>\n<link rel=\"canonical\" href=\"https:\/\/solenaapartman.hu\/de\/solena-apartman-hazirend\/\" \/>\n<meta property=\"og:locale\" content=\"de_DE\" \/>\n<meta property=\"og:type\" content=\"article\" \/>\n<meta property=\"og:title\" content=\"\ud83c\udfe1 Hausordnung\" \/>\n<meta property=\"og:description\" content=\"Liebe G\u00e4ste, Vielen Dank, dass Sie sich f\u00fcr uns entschieden haben!Diese Hausordnung dient dazu, allen G\u00e4sten eine ruhige, saubere und sichere Unterkunft\" \/>\n<meta property=\"og:url\" content=\"https:\/\/solenaapartman.hu\/de\/solena-apartman-hazirend\/\" \/>\n<meta property=\"og:site_name\" content=\"SOLENA Apartmanh\u00e1z Hajd\u00faszoboszl\u00f3\" \/>\n<meta property=\"article:modified_time\" content=\"2025-06-23T16:31:54+00:00\" \/>\n<meta property=\"og:image\" content=\"https:\/\/solenaapartman.hu\/wp-content\/uploads\/2025\/06\/Solena-hazirend.png\" \/>\n\t<meta property=\"og:image:width\" content=\"940\" \/>\n\t<meta property=\"og:image:height\" content=\"788\" \/>\n\t<meta property=\"og:image:type\" content=\"image\/png\" \/>\n<meta name=\"twitter:card\" content=\"summary_large_image\" \/>\n<meta name=\"twitter:label1\" content=\"Gesch\u00e4tzte Lesezeit\" \/>\n\t<meta name=\"twitter:data1\" content=\"3\u00a0Minuten\" \/>\n<script type=\"application\/ld+json\" class=\"yoast-schema-graph\">{\"@context\":\"https:\/\/schema.org\",\"@graph\":[{\"@type\":\"WebPage\",\"@id\":\"https:\/\/solenaapartman.hu\/de\/solena-apartman-hazirend\/\",\"url\":\"https:\/\/solenaapartman.hu\/de\/solena-apartman-hazirend\/\",\"name\":\"\ud83c\udfe1 Hausordnung | SOLENA Apartmanh\u00e1z Hajd\u00faszoboszl\u00f3\",\"isPartOf\":{\"@id\":\"https:\/\/solenaapartman.hu\/de\/#website\"},\"primaryImageOfPage\":{\"@id\":\"https:\/\/solenaapartman.hu\/de\/solena-apartman-hazirend\/#primaryimage\"},\"image\":{\"@id\":\"https:\/\/solenaapartman.hu\/de\/solena-apartman-hazirend\/#primaryimage\"},\"thumbnailUrl\":\"https:\/\/solenaapartman.hu\/wp-content\/uploads\/2025\/06\/Solena-hazirend.png\",\"datePublished\":\"2025-06-22T19:35:10+00:00\",\"dateModified\":\"2025-06-23T16:31:54+00:00\",\"description\":\"Liebe G\u00e4ste, Vielen Dank, dass Sie sich f\u00fcr uns entschieden haben!Diese Hausordnung dient dazu, allen G\u00e4sten eine ruhige, saubere und sichere Unterkunft\",\"breadcrumb\":{\"@id\":\"https:\/\/solenaapartman.hu\/de\/solena-apartman-hazirend\/#breadcrumb\"},\"inLanguage\":\"de\",\"potentialAction\":[{\"@type\":\"ReadAction\",\"target\":[\"https:\/\/solenaapartman.hu\/de\/solena-apartman-hazirend\/\"]}]},{\"@type\":\"ImageObject\",\"inLanguage\":\"de\",\"@id\":\"https:\/\/solenaapartman.hu\/de\/solena-apartman-hazirend\/#primaryimage\",\"url\":\"https:\/\/solenaapartman.hu\/wp-content\/uploads\/2025\/06\/Solena-hazirend.png\",\"contentUrl\":\"https:\/\/solenaapartman.hu\/wp-content\/uploads\/2025\/06\/Solena-hazirend.png\",\"width\":940,\"height\":788},{\"@type\":\"BreadcrumbList\",\"@id\":\"https:\/\/solenaapartman.hu\/de\/solena-apartman-hazirend\/#breadcrumb\",\"itemListElement\":[{\"@type\":\"ListItem\",\"position\":1,\"name\":\"Kezd\u0151lap\",\"item\":\"https:\/\/solenaapartman.hu\/de\/\"},{\"@type\":\"ListItem\",\"position\":2,\"name\":\"\ud83c\udfe1 Hausordnung\"}]},{\"@type\":\"WebSite\",\"@id\":\"https:\/\/solenaapartman.hu\/de\/#website\",\"url\":\"https:\/\/solenaapartman.hu\/de\/\",\"name\":\"SOLENA Apartmanh\u00e1z Hajd\u00faszoboszl\u00f3\",\"description\":\"Olcs\u00f3 apartmanok Hajd\u00faszoboszl\u00f3n!\",\"publisher\":{\"@id\":\"https:\/\/solenaapartman.hu\/de\/#organization\"},\"potentialAction\":[{\"@type\":\"SearchAction\",\"target\":{\"@type\":\"EntryPoint\",\"urlTemplate\":\"https:\/\/solenaapartman.hu\/de\/?s={search_term_string}\"},\"query-input\":{\"@type\":\"PropertyValueSpecification\",\"valueRequired\":true,\"valueName\":\"search_term_string\"}}],\"inLanguage\":\"de\"},{\"@type\":\"Organization\",\"@id\":\"https:\/\/solenaapartman.hu\/de\/#organization\",\"name\":\"SOLENA Apartmanh\u00e1z Hajd\u00faszoboszl\u00f3\",\"url\":\"https:\/\/solenaapartman.hu\/de\/\",\"logo\":{\"@type\":\"ImageObject\",\"inLanguage\":\"de\",\"@id\":\"https:\/\/solenaapartman.hu\/de\/#\/schema\/logo\/image\/\",\"url\":\"https:\/\/solenaapartman.hu\/wp-content\/uploads\/2025\/06\/Solena-Favicon.png\",\"contentUrl\":\"https:\/\/solenaapartman.hu\/wp-content\/uploads\/2025\/06\/Solena-Favicon.png\",\"width\":1000,\"height\":1000,\"caption\":\"SOLENA Apartmanh\u00e1z Hajd\u00faszoboszl\u00f3\"},\"image\":{\"@id\":\"https:\/\/solenaapartman.hu\/de\/#\/schema\/logo\/image\/\"}}]}<\/script>\n<!-- \/ Yoast SEO Premium plugin. -->","yoast_head_json":{"title":"\ud83c\udfe1 Hausordnung | SOLENA Apartmanh\u00e1z Hajd\u00faszoboszl\u00f3","description":"Liebe G\u00e4ste, Vielen Dank, dass Sie sich f\u00fcr uns entschieden haben!Diese Hausordnung dient dazu, allen G\u00e4sten eine ruhige, saubere und sichere Unterkunft","robots":{"index":"index","follow":"follow","max-snippet":"max-snippet:-1","max-image-preview":"max-image-preview:large","max-video-preview":"max-video-preview:-1"},"canonical":"https:\/\/solenaapartman.hu\/de\/solena-apartman-hazirend\/","og_locale":"de_DE","og_type":"article","og_title":"\ud83c\udfe1 Hausordnung","og_description":"Liebe G\u00e4ste, Vielen Dank, dass Sie sich f\u00fcr uns entschieden haben!Diese Hausordnung dient dazu, allen G\u00e4sten eine ruhige, saubere und sichere Unterkunft","og_url":"https:\/\/solenaapartman.hu\/de\/solena-apartman-hazirend\/","og_site_name":"SOLENA Apartmanh\u00e1z Hajd\u00faszoboszl\u00f3","article_modified_time":"2025-06-23T16:31:54+00:00","og_image":[{"width":940,"height":788,"url":"https:\/\/solenaapartman.hu\/wp-content\/uploads\/2025\/06\/Solena-hazirend.png","type":"image\/png"}],"twitter_card":"summary_large_image","twitter_misc":{"Gesch\u00e4tzte Lesezeit":"3\u00a0Minuten"},"schema":{"@context":"https:\/\/schema.org","@graph":[{"@type":"WebPage","@id":"https:\/\/solenaapartman.hu\/de\/solena-apartman-hazirend\/","url":"https:\/\/solenaapartman.hu\/de\/solena-apartman-hazirend\/","name":"\ud83c\udfe1 Hausordnung | SOLENA Apartmanh\u00e1z Hajd\u00faszoboszl\u00f3","isPartOf":{"@id":"https:\/\/solenaapartman.hu\/de\/#website"},"primaryImageOfPage":{"@id":"https:\/\/solenaapartman.hu\/de\/solena-apartman-hazirend\/#primaryimage"},"image":{"@id":"https:\/\/solenaapartman.hu\/de\/solena-apartman-hazirend\/#primaryimage"},"thumbnailUrl":"https:\/\/solenaapartman.hu\/wp-content\/uploads\/2025\/06\/Solena-hazirend.png","datePublished":"2025-06-22T19:35:10+00:00","dateModified":"2025-06-23T16:31:54+00:00","description":"Liebe G\u00e4ste, Vielen Dank, dass Sie sich f\u00fcr uns entschieden haben!Diese Hausordnung dient dazu, allen G\u00e4sten eine ruhige, saubere und sichere Unterkunft","breadcrumb":{"@id":"https:\/\/solenaapartman.hu\/de\/solena-apartman-hazirend\/#breadcrumb"},"inLanguage":"de","potentialAction":[{"@type":"ReadAction","target":["https:\/\/solenaapartman.hu\/de\/solena-apartman-hazirend\/"]}]},{"@type":"ImageObject","inLanguage":"de","@id":"https:\/\/solenaapartman.hu\/de\/solena-apartman-hazirend\/#primaryimage","url":"https:\/\/solenaapartman.hu\/wp-content\/uploads\/2025\/06\/Solena-hazirend.png","contentUrl":"https:\/\/solenaapartman.hu\/wp-content\/uploads\/2025\/06\/Solena-hazirend.png","width":940,"height":788},{"@type":"BreadcrumbList","@id":"https:\/\/solenaapartman.hu\/de\/solena-apartman-hazirend\/#breadcrumb","itemListElement":[{"@type":"ListItem","position":1,"name":"Kezd\u0151lap","item":"https:\/\/solenaapartman.hu\/de\/"},{"@type":"ListItem","position":2,"name":"\ud83c\udfe1 Hausordnung"}]},{"@type":"WebSite","@id":"https:\/\/solenaapartman.hu\/de\/#website","url":"https:\/\/solenaapartman.hu\/de\/","name":"SOLENA Apartmanh\u00e1z Hajd\u00faszoboszl\u00f3","description":"Olcs\u00f3 apartmanok Hajd\u00faszoboszl\u00f3n!","publisher":{"@id":"https:\/\/solenaapartman.hu\/de\/#organization"},"potentialAction":[{"@type":"SearchAction","target":{"@type":"EntryPoint","urlTemplate":"https:\/\/solenaapartman.hu\/de\/?s={search_term_string}"},"query-input":{"@type":"PropertyValueSpecification","valueRequired":true,"valueName":"search_term_string"}}],"inLanguage":"de"},{"@type":"Organization","@id":"https:\/\/solenaapartman.hu\/de\/#organization","name":"SOLENA Apartmanh\u00e1z Hajd\u00faszoboszl\u00f3","url":"https:\/\/solenaapartman.hu\/de\/","logo":{"@type":"ImageObject","inLanguage":"de","@id":"https:\/\/solenaapartman.hu\/de\/#\/schema\/logo\/image\/","url":"https:\/\/solenaapartman.hu\/wp-content\/uploads\/2025\/06\/Solena-Favicon.png","contentUrl":"https:\/\/solenaapartman.hu\/wp-content\/uploads\/2025\/06\/Solena-Favicon.png","width":1000,"height":1000,"caption":"SOLENA Apartmanh\u00e1z Hajd\u00faszoboszl\u00f3"},"image":{"@id":"https:\/\/solenaapartman.hu\/de\/#\/schema\/logo\/image\/"}}]}},"_links":{"self":[{"href":"https:\/\/solenaapartman.hu\/de\/wp-json\/wp\/v2\/pages\/17884","targetHints":{"allow":["GET"]}}],"collection":[{"href":"https:\/\/solenaapartman.hu\/de\/wp-json\/wp\/v2\/pages"}],"about":[{"href":"https:\/\/solenaapartman.hu\/de\/wp-json\/wp\/v2\/types\/page"}],"author":[{"embeddable":true,"href":"https:\/\/solenaapartman.hu\/de\/wp-json\/wp\/v2\/users\/1"}],"replies":[{"embeddable":true,"href":"https:\/\/solenaapartman.hu\/de\/wp-json\/wp\/v2\/comments?post=17884"}],"version-history":[{"count":0,"href":"https:\/\/solenaapartman.hu\/de\/wp-json\/wp\/v2\/pages\/17884\/revisions"}],"wp:featuredmedia":[{"embeddable":true,"href":"https:\/\/solenaapartman.hu\/de\/wp-json\/wp\/v2\/media\/17854"}],"wp:attachment":[{"href":"https:\/\/solenaapartman.hu\/de\/wp-json\/wp\/v2\/media?parent=17884"}],"curies":[{"name":"wp","href":"https:\/\/api.w.org\/{rel}","templated":true}]}}