{"id":17874,"date":"2021-10-12T16:27:24","date_gmt":"2021-10-12T14:27:24","guid":{"rendered":"https:\/\/solenaapartman.hu\/kapcsolat\/"},"modified":"2025-06-23T22:35:26","modified_gmt":"2025-06-23T20:35:26","slug":"kapcsolat","status":"publish","type":"page","link":"https:\/\/solenaapartman.hu\/de\/kapcsolat\/","title":{"rendered":"Kontakt"},"content":{"rendered":"\t\t<div data-elementor-type=\"wp-page\" data-elementor-id=\"17874\" class=\"elementor elementor-17874 elementor-4439\">\n\t\t\t\t<div class=\"elementor-element elementor-element-68d0e93 wd-section-stretch-content e-flex e-con-boxed e-con e-parent\" data-id=\"68d0e93\" data-element_type=\"container\">\n\t\t\t\t\t<div class=\"e-con-inner\">\n\t\t\t\t<div class=\"elementor-element elementor-element-e7d56e6 elementor-widget elementor-widget-google_maps\" data-id=\"e7d56e6\" data-element_type=\"widget\" data-widget_type=\"google_maps.default\">\n\t\t\t\t<div class=\"elementor-widget-container\">\n\t\t\t\t\t\t\t<div class=\"elementor-custom-embed\">\n\t\t\t<iframe loading=\"lazy\"\n\t\t\t\t\tsrc=\"https:\/\/maps.google.com\/maps?q=Solena%20apartmanh%C3%A1z&#038;t=m&#038;z=19&#038;output=embed&#038;iwloc=near\"\n\t\t\t\t\ttitle=\"Solena apartmanh\u00e1z\"\n\t\t\t\t\taria-label=\"Solena apartmanh\u00e1z\"\n\t\t\t><\/iframe>\n\t\t<\/div>\n\t\t\t\t\t\t<\/div>\n\t\t\t\t<\/div>\n\t\t\t\t\t<\/div>\n\t\t\t\t<\/div>\n\t\t<div class=\"wd-negative-gap elementor-element elementor-element-cb322d0 e-flex e-con-boxed e-con e-parent\" data-id=\"cb322d0\" data-element_type=\"container\">\n\t\t\t\t\t<div class=\"e-con-inner\">\n\t\t<div class=\"elementor-element elementor-element-1f0abe4 e-con-full e-flex e-con e-child\" data-id=\"1f0abe4\" data-element_type=\"container\">\n\t\t\t\t<div class=\"elementor-element elementor-element-071523a wd-width-100 elementor-widget elementor-widget-wd_title\" data-id=\"071523a\" data-element_type=\"widget\" data-widget_type=\"wd_title.default\">\n\t\t\t\t<div class=\"elementor-widget-container\">\n\t\t\t\t\t\t\t<div class=\"title-wrapper wd-set-mb reset-last-child wd-title-color-default wd-title-style-default wd-title-size-default text-left\">\n\n\t\t\t\t\t\t\t\t\t\t\t<div class=\"title-subtitle subtitle-color-default subtitle-style-default wd-fontsize-xs\">\n\t\t\t\t\tFAQ\t\t\t\t<\/div>\n\t\t\t\n\t\t\t<div class=\"liner-continer\">\n\t\t\t\t<h4 class=\"woodmart-title-container title wd-fontsize-l\">\u2753 H\u00e4ufig gestellte Fragen<\/h4> \n\t\t\t\t\t\t\t<\/div>\n\n\t\t\t\t\t<\/div>\n\t\t\t\t\t\t<\/div>\n\t\t\t\t<\/div>\n\t\t\t\t<div class=\"elementor-element elementor-element-2a7c1c6 elementor-widget elementor-widget-wd_accordion\" data-id=\"2a7c1c6\" data-element_type=\"widget\" data-widget_type=\"wd_accordion.default\">\n\t\t\t\t<div class=\"elementor-widget-container\">\n\t\t\t\t\t\n\t\t<div class=\"wd-accordion wd-style-default wd-titles-left wd-opener-pos-right wd-opener-style-arrow\" data-state=\"first\">\n\t\t\t\t\t\t\t\n\t\t\t\t<div class=\"wd-accordion-item\">\n\t\t\t\t\t<div class=\"wd-accordion-title wd-active\" data-accordion-index=\"0\">\n\t\t\t\t\t\t<div class=\"wd-accordion-title-text\">\n\t\t\t\t\t\t\t\t\t\t\t\t\t\t<span>\n\t\t\t\t\t\t\t\t\ud83d\udd53 Gibt es eine Mindestaufenthaltsdauer?\t\t\t\t\t\t\t<\/span>\n\t\t\t\t\t\t<\/div>\n\t\t\t\t\t\t<span class=\"wd-accordion-opener\"><\/span>\n\t\t\t\t\t<\/div>\n\n\t\t\t\t\t<div class=\"wd-accordion-content wd-entry-content wd-active\" data-accordion-index=\"0\">\n\t\t\t\t\t\t\t\t\t\t\t\t\t\n\t\t\t\t\t\t\t<p data-start=\"223\" data-end=\"293\"><strong data-start=\"223\" data-end=\"233\">Nein!<\/strong> Du bist auch f\u00fcr nur eine Nacht herzlich willkommen \u2013 ganz ohne Einschr\u00e4nkungen.<\/p>\n\t\t\t\t\t\t\t\t\t\t\t\t\t\t\t\t\t\t<\/div>\n\t\t\t\t<\/div>\n\t\t\t\t\t\t\t\n\t\t\t\t<div class=\"wd-accordion-item\">\n\t\t\t\t\t<div class=\"wd-accordion-title\" data-accordion-index=\"1\">\n\t\t\t\t\t\t<div class=\"wd-accordion-title-text\">\n\t\t\t\t\t\t\t\t\t\t\t\t\t\t<span>\n\t\t\t\t\t\t\t\t\ud83c\udd7f\ufe0f Gibt es eine Parkm\u00f6glichkeit?\t\t\t\t\t\t\t<\/span>\n\t\t\t\t\t\t<\/div>\n\t\t\t\t\t\t<span class=\"wd-accordion-opener\"><\/span>\n\t\t\t\t\t<\/div>\n\n\t\t\t\t\t<div class=\"wd-accordion-content wd-entry-content\" data-accordion-index=\"1\">\n\t\t\t\t\t\t\t\t\t\t\t\t\t\n\t\t\t\t\t\t\t<p data-start=\"333\" data-end=\"429\"><strong data-start=\"333\" data-end=\"342\">Ja.<\/strong> Du kannst sowohl vor dem Apartment als auch im Innenhof sicher und v\u00f6llig kostenlos parken.<\/p>\n\t\t\t\t\t\t\t\t\t\t\t\t\t\t\t\t\t\t<\/div>\n\t\t\t\t<\/div>\n\t\t\t\t\t\t\t\n\t\t\t\t<div class=\"wd-accordion-item\">\n\t\t\t\t\t<div class=\"wd-accordion-title\" data-accordion-index=\"2\">\n\t\t\t\t\t\t<div class=\"wd-accordion-title-text\">\n\t\t\t\t\t\t\t\t\t\t\t\t\t\t<span>\n\t\t\t\t\t\t\t\t\ud83d\udecf\ufe0f Welche Ausstattung kann ich erwarten?\t\t\t\t\t\t\t<\/span>\n\t\t\t\t\t\t<\/div>\n\t\t\t\t\t\t<span class=\"wd-accordion-opener\"><\/span>\n\t\t\t\t\t<\/div>\n\n\t\t\t\t\t<div class=\"wd-accordion-content wd-entry-content\" data-accordion-index=\"2\">\n\t\t\t\t\t\t\t\t\t\t\t\t\t\n\t\t\t\t\t\t\t<p data-start=\"480\" data-end=\"664\">Jedes Apartment verf\u00fcgt \u00fcber eine eigene <strong data-start=\"496\" data-end=\"532\">K\u00fcche und ein eigenes Bad<\/strong>, <strong data-start=\"534\" data-end=\"546\">Klimaanlage<\/strong>, <strong data-start=\"548\" data-end=\"571\">Flachbildfernseher <\/strong>sowie grundlegende K\u00fcchenausstattung (Herd, K\u00fchlschrank, Mikrowelle, Besteck usw.).<\/p>\n\t\t\t\t\t\t\t\t\t\t\t\t\t\t\t\t\t\t<\/div>\n\t\t\t\t<\/div>\n\t\t\t\t\t\t\t\n\t\t\t\t<div class=\"wd-accordion-item\">\n\t\t\t\t\t<div class=\"wd-accordion-title\" data-accordion-index=\"3\">\n\t\t\t\t\t\t<div class=\"wd-accordion-title-text\">\n\t\t\t\t\t\t\t\t\t\t\t\t\t\t<span>\n\t\t\t\t\t\t\t\t\u2600\ufe0f Wie weit ist das Thermalbad entfernt?\t\t\t\t\t\t\t<\/span>\n\t\t\t\t\t\t<\/div>\n\t\t\t\t\t\t<span class=\"wd-accordion-opener\"><\/span>\n\t\t\t\t\t<\/div>\n\n\t\t\t\t\t<div class=\"wd-accordion-content wd-entry-content\" data-accordion-index=\"3\">\n\t\t\t\t\t\t\t\t\t\t\t\t\t\n\t\t\t\t\t\t\t<p data-start=\"707\" data-end=\"819\">Das <strong data-start=\"709\" data-end=\"723\">Hungarospa <\/strong>Heil- und Erlebnisbad ist nur <strong data-start=\"756\" data-end=\"771\">900 Meter <\/strong>entfernt und in wenigen Gehminuten bequem erreichbar.<\/p>\n\t\t\t\t\t\t\t\t\t\t\t\t\t\t\t\t\t\t<\/div>\n\t\t\t\t<\/div>\n\t\t\t\t\t\t\t\n\t\t\t\t<div class=\"wd-accordion-item\">\n\t\t\t\t\t<div class=\"wd-accordion-title\" data-accordion-index=\"4\">\n\t\t\t\t\t\t<div class=\"wd-accordion-title-text\">\n\t\t\t\t\t\t\t\t\t\t\t\t\t\t<span>\n\t\t\t\t\t\t\t\t\ud83d\udc36 Darf man Haustiere mitbringen?\t\t\t\t\t\t\t<\/span>\n\t\t\t\t\t\t<\/div>\n\t\t\t\t\t\t<span class=\"wd-accordion-opener\"><\/span>\n\t\t\t\t\t<\/div>\n\n\t\t\t\t\t<div class=\"wd-accordion-content wd-entry-content\" data-accordion-index=\"4\">\n\t\t\t\t\t\t\t\t\t\t\t\t\t\n\t\t\t\t\t\t\t<p>Gegen Aufpreis darfst du auch deinen kleinen Liebling mitbringen.<\/p>\n\t\t\t\t\t\t\t\t\t\t\t\t\t\t\t\t\t\t<\/div>\n\t\t\t\t<\/div>\n\t\t\t\t\t\t\t\n\t\t\t\t<div class=\"wd-accordion-item\">\n\t\t\t\t\t<div class=\"wd-accordion-title\" data-accordion-index=\"5\">\n\t\t\t\t\t\t<div class=\"wd-accordion-title-text\">\n\t\t\t\t\t\t\t\t\t\t\t\t\t\t<span>\n\t\t\t\t\t\t\t\t\ud83e\uddfd Werden Reinigung, Bettw\u00e4sche und Handt\u00fccher bereitgestellt?\t\t\t\t\t\t\t<\/span>\n\t\t\t\t\t\t<\/div>\n\t\t\t\t\t\t<span class=\"wd-accordion-opener\"><\/span>\n\t\t\t\t\t<\/div>\n\n\t\t\t\t\t<div class=\"wd-accordion-content wd-entry-content\" data-accordion-index=\"5\">\n\t\t\t\t\t\t\t\t\t\t\t\t\t\n\t\t\t\t\t\t\t<p data-start=\"991\" data-end=\"1080\"><strong data-start=\"991\" data-end=\"1000\">Ja.<\/strong> Die Apartments werden frisch gereinigt und mit sauberer Bettw\u00e4sche sowie Handt\u00fcchern \u00fcbergeben.<\/p>\n\t\t\t\t\t\t\t\t\t\t\t\t\t\t\t\t\t\t<\/div>\n\t\t\t\t<\/div>\n\t\t\t\t\t\t\t\n\t\t\t\t<div class=\"wd-accordion-item\">\n\t\t\t\t\t<div class=\"wd-accordion-title\" data-accordion-index=\"6\">\n\t\t\t\t\t\t<div class=\"wd-accordion-title-text\">\n\t\t\t\t\t\t\t\t\t\t\t\t\t\t<span>\n\t\t\t\t\t\t\t\t\ud83d\udd10 Wann ist Check-in und Check-out m\u00f6glich?\t\t\t\t\t\t\t<\/span>\n\t\t\t\t\t\t<\/div>\n\t\t\t\t\t\t<span class=\"wd-accordion-opener\"><\/span>\n\t\t\t\t\t<\/div>\n\n\t\t\t\t\t<div class=\"wd-accordion-content wd-entry-content\" data-accordion-index=\"6\">\n\t\t\t\t\t\t\t\t\t\t\t\t\t\n\t\t\t\t\t\t\t<ul data-start=\"1128\" data-end=\"1260\"><li data-start=\"1128\" data-end=\"1160\"><p data-start=\"1130\" data-end=\"1160\"><strong data-start=\"1130\" data-end=\"1148\">Check-in:<\/strong> ab 14:00 Uhr<\/p><\/li><li data-start=\"1161\" data-end=\"1260\"><p data-start=\"1163\" data-end=\"1260\"><strong data-start=\"1163\" data-end=\"1181\">Check-out:<\/strong> bis 10:00 Uhr<br data-start=\"1190\" data-end=\"1193\">Bei individuellen W\u00fcnschen sind wir flexibel \u2013 sprich uns einfach an!<\/p><\/li><\/ul>\n\t\t\t\t\t\t\t\t\t\t\t\t\t\t\t\t\t\t<\/div>\n\t\t\t\t<\/div>\n\t\t\t\t\t\t\t\n\t\t\t\t<div class=\"wd-accordion-item\">\n\t\t\t\t\t<div class=\"wd-accordion-title\" data-accordion-index=\"7\">\n\t\t\t\t\t\t<div class=\"wd-accordion-title-text\">\n\t\t\t\t\t\t\t\t\t\t\t\t\t\t<span>\n\t\t\t\t\t\t\t\t\ud83d\udcf6 Gibt es WLAN?\t\t\t\t\t\t\t<\/span>\n\t\t\t\t\t\t<\/div>\n\t\t\t\t\t\t<span class=\"wd-accordion-opener\"><\/span>\n\t\t\t\t\t<\/div>\n\n\t\t\t\t\t<div class=\"wd-accordion-content wd-entry-content\" data-accordion-index=\"7\">\n\t\t\t\t\t\t\t\t\t\t\t\t\t\n\t\t\t\t\t\t\t<p data-start=\"1285\" data-end=\"1364\"><strong data-start=\"1285\" data-end=\"1303\">Nat\u00fcrlich!<\/strong> Kostenloses, schnelles WLAN ist im gesamten Apartmentbereich verf\u00fcgbar.<\/p>\n\t\t\t\t\t\t\t\t\t\t\t\t\t\t\t\t\t\t<\/div>\n\t\t\t\t<\/div>\n\t\t\t\t\t<\/div>\n\t\t\t\t\t\t<\/div>\n\t\t\t\t<\/div>\n\t\t\t\t<\/div>\n\t\t<div class=\"elementor-element elementor-element-789122a e-con-full e-flex e-con e-child\" data-id=\"789122a\" data-element_type=\"container\">\n\t\t\t\t<div class=\"elementor-element elementor-element-775ddc4 wd-width-100 elementor-widget elementor-widget-wd_title\" data-id=\"775ddc4\" data-element_type=\"widget\" data-widget_type=\"wd_title.default\">\n\t\t\t\t<div class=\"elementor-widget-container\">\n\t\t\t\t\t\t\t<div class=\"title-wrapper wd-set-mb reset-last-child wd-title-color-default wd-title-style-default wd-title-size-default text-left\">\n\n\t\t\t\t\t\t\t\t\t\t\t<div class=\"title-subtitle subtitle-color-default subtitle-style-default wd-fontsize-xs\">\n\t\t\t\t\tKAPCSOLAT\t\t\t\t<\/div>\n\t\t\t\n\t\t\t<div class=\"liner-continer\">\n\t\t\t\t<h4 class=\"woodmart-title-container title wd-fontsize-l\">FRAG UNS GERNE \u2013 GANZ UNVERBINDLICH<\/h4> \n\t\t\t\t\t\t\t<\/div>\n\n\t\t\t\t\t<\/div>\n\t\t\t\t\t\t<\/div>\n\t\t\t\t<\/div>\n\t\t\t\t<div class=\"elementor-element elementor-element-3c67846 wd-cf7 elementor-widget elementor-widget-wd_contact_form_7\" data-id=\"3c67846\" data-element_type=\"widget\" data-widget_type=\"wd_contact_form_7.default\">\n\t\t\t\t<div class=\"elementor-widget-container\">\n\t\t\t\t\t\n<div class=\"wpcf7 no-js\" id=\"wpcf7-f1572-o1\" lang=\"en-US\" dir=\"ltr\" data-wpcf7-id=\"1572\">\n<div class=\"screen-reader-response\"><p role=\"status\" aria-live=\"polite\" aria-atomic=\"true\"><\/p> <ul><\/ul><\/div>\n<form action=\"\/de\/wp-json\/wp\/v2\/pages\/17874#wpcf7-f1572-o1\" method=\"post\" class=\"wpcf7-form init\" aria-label=\"Contact form\" novalidate=\"novalidate\" data-status=\"init\">\n<div style=\"display: none;\">\n<input type=\"hidden\" name=\"_wpcf7\" value=\"1572\" \/>\n<input type=\"hidden\" name=\"_wpcf7_version\" value=\"6.0.6\" \/>\n<input type=\"hidden\" name=\"_wpcf7_locale\" value=\"en_US\" \/>\n<input type=\"hidden\" name=\"_wpcf7_unit_tag\" value=\"wpcf7-f1572-o1\" \/>\n<input type=\"hidden\" name=\"_wpcf7_container_post\" value=\"0\" \/>\n<input type=\"hidden\" name=\"_wpcf7_posted_data_hash\" value=\"\" \/>\n<input type=\"hidden\" name=\"_wpcf7_recaptcha_response\" value=\"\" \/>\n<\/div>\n<div class=\"row\">\n\t<p class=\"col-md-6\"><label>N\u00c9V<\/label><span class=\"wpcf7-form-control-wrap\" data-name=\"your-name\"><input size=\"40\" maxlength=\"400\" class=\"wpcf7-form-control wpcf7-text wpcf7-validates-as-required\" aria-required=\"true\" aria-invalid=\"false\" value=\"\" type=\"text\" name=\"your-name\" \/><\/span>\n\t<\/p>\n\t<p class=\"col-md-6\"><label>E-MAIL<\/label><span class=\"wpcf7-form-control-wrap\" data-name=\"your-email\"><input size=\"40\" maxlength=\"400\" class=\"wpcf7-form-control wpcf7-email wpcf7-validates-as-required wpcf7-text wpcf7-validates-as-email\" aria-required=\"true\" aria-invalid=\"false\" value=\"\" type=\"email\" name=\"your-email\" \/><\/span>\n\t<\/p>\n<\/div>\n<div class=\"row\">\n\t<p class=\"col-md-6\"><label>TELEFONSZ\u00c1M<\/label><span class=\"wpcf7-form-control-wrap\" data-name=\"tel-767\"><input size=\"40\" maxlength=\"400\" class=\"wpcf7-form-control wpcf7-tel wpcf7-text wpcf7-validates-as-tel\" aria-invalid=\"false\" value=\"\" type=\"tel\" name=\"tel-767\" \/><\/span>\n\t<\/p>\n<\/div>\n<p><label>\u00dcZENET<\/label><span class=\"wpcf7-form-control-wrap\" data-name=\"your-message\"><textarea cols=\"40\" rows=\"10\" maxlength=\"2000\" class=\"wpcf7-form-control wpcf7-textarea\" aria-invalid=\"false\" name=\"your-message\"><\/textarea><\/span>\n<\/p>\n<span class=\"wpcf7-form-control-wrap recaptcha\" data-name=\"recaptcha\"><span data-sitekey=\"6Le62B8qAAAAAOwrn2qalivTy9WVtE81KM0H00VK\" class=\"wpcf7-form-control wpcf7-recaptcha g-recaptcha\"><\/span>\r\n<noscript>\r\n\t<div class=\"grecaptcha-noscript\">\r\n\t\t<iframe src=\"https:\/\/www.google.com\/recaptcha\/api\/fallback?k=6Le62B8qAAAAAOwrn2qalivTy9WVtE81KM0H00VK\" frameborder=\"0\" scrolling=\"no\" width=\"310\" height=\"430\">\r\n\t\t<\/iframe>\r\n\t\t<textarea name=\"g-recaptcha-response\" rows=\"3\" cols=\"40\" placeholder=\"reCaptcha Response Here\">\r\n\t\t<\/textarea>\r\n\t<\/div>\r\n<\/noscript>\r\n<\/span>\n<p><input class=\"wpcf7-form-control wpcf7-submit has-spinner btn-color-black\" type=\"submit\" value=\"K\u00dcLD\u00c9S\" \/>\n<\/p><div class=\"wpcf7-response-output\" aria-hidden=\"true\"><\/div>\n<\/form>\n<\/div>\n\t\t\t\t<\/div>\n\t\t\t\t<\/div>\n\t\t\t\t<\/div>\n\t\t\t\t\t<\/div>\n\t\t\t\t<\/div>\n\t\t\t\t<\/div>\n\t\t","protected":false},"excerpt":{"rendered":"<p>FAQ \u2753 H\u00e4ufig gestellte Fragen \ud83d\udd53 Gibt es eine Mindestaufenthaltsdauer? Nein! Du bist auch f\u00fcr nur eine Nacht herzlich willkommen<\/p>\n","protected":false},"author":1,"featured_media":0,"parent":0,"menu_order":0,"comment_status":"closed","ping_status":"closed","template":"elementor_header_footer","meta":{"footnotes":""},"class_list":["post-17874","page","type-page","status-publish","hentry"],"yoast_head":"<!-- This site is optimized with the Yoast SEO Premium plugin v25.3.1 (Yoast SEO v25.3.1) - https:\/\/yoast.com\/wordpress\/plugins\/seo\/ -->\n<title>Kontakt | SOLENA Apartmanh\u00e1z Hajd\u00faszoboszl\u00f3<\/title>\n<meta name=\"description\" content=\"FAQ \u2753 H\u00e4ufig gestellte Fragen \ud83d\udd53 Gibt es eine Mindestaufenthaltsdauer? Nein! Du bist auch f\u00fcr nur eine Nacht herzlich willkommen \u2013 ganz ohne\" \/>\n<meta name=\"robots\" content=\"index, follow, max-snippet:-1, max-image-preview:large, max-video-preview:-1\" \/>\n<link rel=\"canonical\" href=\"https:\/\/solenaapartman.hu\/de\/kapcsolat\/\" \/>\n<meta property=\"og:locale\" content=\"de_DE\" \/>\n<meta property=\"og:type\" content=\"article\" \/>\n<meta property=\"og:title\" content=\"Kontakt\" \/>\n<meta property=\"og:description\" content=\"FAQ \u2753 H\u00e4ufig gestellte Fragen \ud83d\udd53 Gibt es eine Mindestaufenthaltsdauer? Nein! Du bist auch f\u00fcr nur eine Nacht herzlich willkommen \u2013 ganz ohne\" \/>\n<meta property=\"og:url\" content=\"https:\/\/solenaapartman.hu\/de\/kapcsolat\/\" \/>\n<meta property=\"og:site_name\" content=\"SOLENA Apartmanh\u00e1z Hajd\u00faszoboszl\u00f3\" \/>\n<meta property=\"article:modified_time\" content=\"2025-06-23T20:35:26+00:00\" \/>\n<meta property=\"og:image\" content=\"https:\/\/solenaapartman.hu\/wp-content\/uploads\/2025\/06\/hajdu.jpg\" \/>\n\t<meta property=\"og:image:width\" content=\"1920\" \/>\n\t<meta property=\"og:image:height\" content=\"1000\" \/>\n\t<meta property=\"og:image:type\" content=\"image\/jpeg\" \/>\n<meta name=\"twitter:card\" content=\"summary_large_image\" \/>\n<meta name=\"twitter:label1\" content=\"Gesch\u00e4tzte Lesezeit\" \/>\n\t<meta name=\"twitter:data1\" content=\"1\u00a0Minute\" \/>\n<script type=\"application\/ld+json\" class=\"yoast-schema-graph\">{\"@context\":\"https:\/\/schema.org\",\"@graph\":[{\"@type\":\"WebPage\",\"@id\":\"https:\/\/solenaapartman.hu\/de\/kapcsolat\/\",\"url\":\"https:\/\/solenaapartman.hu\/de\/kapcsolat\/\",\"name\":\"Kontakt | SOLENA Apartmanh\u00e1z Hajd\u00faszoboszl\u00f3\",\"isPartOf\":{\"@id\":\"https:\/\/solenaapartman.hu\/de\/#website\"},\"datePublished\":\"2021-10-12T14:27:24+00:00\",\"dateModified\":\"2025-06-23T20:35:26+00:00\",\"description\":\"FAQ \u2753 H\u00e4ufig gestellte Fragen \ud83d\udd53 Gibt es eine Mindestaufenthaltsdauer? Nein! Du bist auch f\u00fcr nur eine Nacht herzlich willkommen \u2013 ganz ohne\",\"breadcrumb\":{\"@id\":\"https:\/\/solenaapartman.hu\/de\/kapcsolat\/#breadcrumb\"},\"inLanguage\":\"de\",\"potentialAction\":[{\"@type\":\"ReadAction\",\"target\":[\"https:\/\/solenaapartman.hu\/de\/kapcsolat\/\"]}]},{\"@type\":\"BreadcrumbList\",\"@id\":\"https:\/\/solenaapartman.hu\/de\/kapcsolat\/#breadcrumb\",\"itemListElement\":[{\"@type\":\"ListItem\",\"position\":1,\"name\":\"Kezd\u0151lap\",\"item\":\"https:\/\/solenaapartman.hu\/de\/\"},{\"@type\":\"ListItem\",\"position\":2,\"name\":\"Kontakt\"}]},{\"@type\":\"WebSite\",\"@id\":\"https:\/\/solenaapartman.hu\/de\/#website\",\"url\":\"https:\/\/solenaapartman.hu\/de\/\",\"name\":\"SOLENA Apartmanh\u00e1z Hajd\u00faszoboszl\u00f3\",\"description\":\"Olcs\u00f3 apartmanok Hajd\u00faszoboszl\u00f3n!\",\"publisher\":{\"@id\":\"https:\/\/solenaapartman.hu\/de\/#organization\"},\"potentialAction\":[{\"@type\":\"SearchAction\",\"target\":{\"@type\":\"EntryPoint\",\"urlTemplate\":\"https:\/\/solenaapartman.hu\/de\/?s={search_term_string}\"},\"query-input\":{\"@type\":\"PropertyValueSpecification\",\"valueRequired\":true,\"valueName\":\"search_term_string\"}}],\"inLanguage\":\"de\"},{\"@type\":\"Organization\",\"@id\":\"https:\/\/solenaapartman.hu\/de\/#organization\",\"name\":\"SOLENA Apartmanh\u00e1z Hajd\u00faszoboszl\u00f3\",\"url\":\"https:\/\/solenaapartman.hu\/de\/\",\"logo\":{\"@type\":\"ImageObject\",\"inLanguage\":\"de\",\"@id\":\"https:\/\/solenaapartman.hu\/de\/#\/schema\/logo\/image\/\",\"url\":\"https:\/\/solenaapartman.hu\/wp-content\/uploads\/2025\/06\/Solena-Favicon.png\",\"contentUrl\":\"https:\/\/solenaapartman.hu\/wp-content\/uploads\/2025\/06\/Solena-Favicon.png\",\"width\":1000,\"height\":1000,\"caption\":\"SOLENA Apartmanh\u00e1z Hajd\u00faszoboszl\u00f3\"},\"image\":{\"@id\":\"https:\/\/solenaapartman.hu\/de\/#\/schema\/logo\/image\/\"}}]}<\/script>\n<!-- \/ Yoast SEO Premium plugin. -->","yoast_head_json":{"title":"Kontakt | SOLENA Apartmanh\u00e1z Hajd\u00faszoboszl\u00f3","description":"FAQ \u2753 H\u00e4ufig gestellte Fragen \ud83d\udd53 Gibt es eine Mindestaufenthaltsdauer? Nein! Du bist auch f\u00fcr nur eine Nacht herzlich willkommen \u2013 ganz ohne","robots":{"index":"index","follow":"follow","max-snippet":"max-snippet:-1","max-image-preview":"max-image-preview:large","max-video-preview":"max-video-preview:-1"},"canonical":"https:\/\/solenaapartman.hu\/de\/kapcsolat\/","og_locale":"de_DE","og_type":"article","og_title":"Kontakt","og_description":"FAQ \u2753 H\u00e4ufig gestellte Fragen \ud83d\udd53 Gibt es eine Mindestaufenthaltsdauer? Nein! Du bist auch f\u00fcr nur eine Nacht herzlich willkommen \u2013 ganz ohne","og_url":"https:\/\/solenaapartman.hu\/de\/kapcsolat\/","og_site_name":"SOLENA Apartmanh\u00e1z Hajd\u00faszoboszl\u00f3","article_modified_time":"2025-06-23T20:35:26+00:00","og_image":[{"width":1920,"height":1000,"url":"https:\/\/solenaapartman.hu\/wp-content\/uploads\/2025\/06\/hajdu.jpg","type":"image\/jpeg"}],"twitter_card":"summary_large_image","twitter_misc":{"Gesch\u00e4tzte Lesezeit":"1\u00a0Minute"},"schema":{"@context":"https:\/\/schema.org","@graph":[{"@type":"WebPage","@id":"https:\/\/solenaapartman.hu\/de\/kapcsolat\/","url":"https:\/\/solenaapartman.hu\/de\/kapcsolat\/","name":"Kontakt | SOLENA Apartmanh\u00e1z Hajd\u00faszoboszl\u00f3","isPartOf":{"@id":"https:\/\/solenaapartman.hu\/de\/#website"},"datePublished":"2021-10-12T14:27:24+00:00","dateModified":"2025-06-23T20:35:26+00:00","description":"FAQ \u2753 H\u00e4ufig gestellte Fragen \ud83d\udd53 Gibt es eine Mindestaufenthaltsdauer? Nein! Du bist auch f\u00fcr nur eine Nacht herzlich willkommen \u2013 ganz ohne","breadcrumb":{"@id":"https:\/\/solenaapartman.hu\/de\/kapcsolat\/#breadcrumb"},"inLanguage":"de","potentialAction":[{"@type":"ReadAction","target":["https:\/\/solenaapartman.hu\/de\/kapcsolat\/"]}]},{"@type":"BreadcrumbList","@id":"https:\/\/solenaapartman.hu\/de\/kapcsolat\/#breadcrumb","itemListElement":[{"@type":"ListItem","position":1,"name":"Kezd\u0151lap","item":"https:\/\/solenaapartman.hu\/de\/"},{"@type":"ListItem","position":2,"name":"Kontakt"}]},{"@type":"WebSite","@id":"https:\/\/solenaapartman.hu\/de\/#website","url":"https:\/\/solenaapartman.hu\/de\/","name":"SOLENA Apartmanh\u00e1z Hajd\u00faszoboszl\u00f3","description":"Olcs\u00f3 apartmanok Hajd\u00faszoboszl\u00f3n!","publisher":{"@id":"https:\/\/solenaapartman.hu\/de\/#organization"},"potentialAction":[{"@type":"SearchAction","target":{"@type":"EntryPoint","urlTemplate":"https:\/\/solenaapartman.hu\/de\/?s={search_term_string}"},"query-input":{"@type":"PropertyValueSpecification","valueRequired":true,"valueName":"search_term_string"}}],"inLanguage":"de"},{"@type":"Organization","@id":"https:\/\/solenaapartman.hu\/de\/#organization","name":"SOLENA Apartmanh\u00e1z Hajd\u00faszoboszl\u00f3","url":"https:\/\/solenaapartman.hu\/de\/","logo":{"@type":"ImageObject","inLanguage":"de","@id":"https:\/\/solenaapartman.hu\/de\/#\/schema\/logo\/image\/","url":"https:\/\/solenaapartman.hu\/wp-content\/uploads\/2025\/06\/Solena-Favicon.png","contentUrl":"https:\/\/solenaapartman.hu\/wp-content\/uploads\/2025\/06\/Solena-Favicon.png","width":1000,"height":1000,"caption":"SOLENA Apartmanh\u00e1z Hajd\u00faszoboszl\u00f3"},"image":{"@id":"https:\/\/solenaapartman.hu\/de\/#\/schema\/logo\/image\/"}}]}},"_links":{"self":[{"href":"https:\/\/solenaapartman.hu\/de\/wp-json\/wp\/v2\/pages\/17874","targetHints":{"allow":["GET"]}}],"collection":[{"href":"https:\/\/solenaapartman.hu\/de\/wp-json\/wp\/v2\/pages"}],"about":[{"href":"https:\/\/solenaapartman.hu\/de\/wp-json\/wp\/v2\/types\/page"}],"author":[{"embeddable":true,"href":"https:\/\/solenaapartman.hu\/de\/wp-json\/wp\/v2\/users\/1"}],"replies":[{"embeddable":true,"href":"https:\/\/solenaapartman.hu\/de\/wp-json\/wp\/v2\/comments?post=17874"}],"version-history":[{"count":0,"href":"https:\/\/solenaapartman.hu\/de\/wp-json\/wp\/v2\/pages\/17874\/revisions"}],"wp:attachment":[{"href":"https:\/\/solenaapartman.hu\/de\/wp-json\/wp\/v2\/media?parent=17874"}],"curies":[{"name":"wp","href":"https:\/\/api.w.org\/{rel}","templated":true}]}}